{"id":2320,"date":"2015-12-02T05:18:25","date_gmt":"2015-12-02T05:18:25","guid":{"rendered":"http:\/\/victorcoronel.com\/galapesca2015\/es\/abous-us\/"},"modified":"2022-08-12T19:08:29","modified_gmt":"2022-08-12T19:08:29","slug":"abous-us","status":"publish","type":"page","link":"https:\/\/galapesca.com\/es\/abous-us\/","title":{"rendered":"About Us"},"content":{"rendered":"<div class=\"wpb-content-wrapper\"><p>[vc_row css_animation=\u00bb\u00bb row_type=\u00bbrow\u00bb use_row_as_full_screen_section=\u00bbno\u00bb type=\u00bbfull_width\u00bb angled_section=\u00bbno\u00bb text_align=\u00bbleft\u00bb background_image_as_pattern=\u00bbwithout_pattern\u00bb][vc_column offset=\u00bbvc_hidden-sm vc_hidden-xs\u00bb][vc_empty_space height=\u00bb50px\u00bb][\/vc_column][\/vc_row][vc_row css_animation=\u00bb\u00bb row_type=\u00bbrow\u00bb use_row_as_full_screen_section=\u00bbno\u00bb type=\u00bbgrid\u00bb angled_section=\u00bbno\u00bb text_align=\u00bbleft\u00bb background_image_as_pattern=\u00bbwithout_pattern\u00bb background_image=\u00bb15539&#8243; padding_top=\u00bb0&#8243; padding_bottom=\u00bb0&#8243; css=\u00bb.vc_custom_1660330834026{margin-top: 0px !important;margin-right: 0px !important;margin-left: 0px !important;padding-top: 0px !important;padding-right: 0px !important;padding-left: 0px !important;}\u00bb el_class=\u00bb.sinBg\u00bb z_index=\u00bb\u00bb anchor=\u00bbgalapesca\u00bb][vc_column][vc_empty_space height=\u00bb125px\u00bb][vc_single_image source=\u00bbexternal_link\u00bb alignment=\u00bbcenter\u00bb qode_css_animation=\u00bb\u00bb custom_src=\u00bbhttps:\/\/galapesca.com\/resources\/headerGP.png\u00bb][\/vc_column][\/vc_row][vc_row css_animation=\u00bb\u00bb row_type=\u00bbrow\u00bb use_row_as_full_screen_section=\u00bbno\u00bb type=\u00bbgrid\u00bb angled_section=\u00bbno\u00bb text_align=\u00bbleft\u00bb background_image_as_pattern=\u00bbwithout_pattern\u00bb background_image=\u00bb15539&#8243; padding_top=\u00bb0&#8243; padding_bottom=\u00bb0&#8243; css=\u00bb.vc_custom_1660330826895{margin-top: 0px !important;margin-right: 0px !important;margin-left: 0px !important;padding-top: 0px !important;padding-right: 0px !important;padding-left: 0px !important;}\u00bb el_class=\u00bb.sinBg\u00bb z_index=\u00bb\u00bb][vc_column][vc_row_inner row_type=\u00bbrow\u00bb type=\u00bbgrid\u00bb text_align=\u00bbleft\u00bb css_animation=\u00bb\u00bb padding_top=\u00bb0&#8243; padding_bottom=\u00bb0&#8243; css=\u00bb.vc_custom_1448093083472{margin-right: 0px !important;margin-left: 0px !important;padding-right: 0px !important;padding-left: 0px !important;}\u00bb][vc_column_inner width=\u00bb1\/3&#8243;][vc_single_image source=\u00bbexternal_link\u00bb external_img_size=\u00bb280&#215;160&#8243; alignment=\u00bbcenter\u00bb qode_css_animation=\u00bb\u00bb custom_src=\u00bbhttps:\/\/galapesca.com\/resources\/circle_galapesca.png\u00bb][\/vc_column_inner][vc_column_inner width=\u00bb1\/3&#8243;][vc_column_text]<span style=\"color: #000000;\">Compa\u00f1\u00eda procesadora de at\u00fan localizada en Guayaquil, Ecuador y subsidiaria de StarKist Co.<\/span>[\/vc_column_text][\/vc_column_inner][vc_column_inner width=\u00bb1\/3&#8243;][vc_column_text]<\/p>\n<ul class=\"list-style1\">\n<li><span style=\"color: #000000;\">Comenz\u00f3 operaciones en 1991.<\/span><\/li>\n<li><span style=\"color: #000000;\">Contamos con un equipo de 1.500 personas.<\/span><\/li>\n<li><span style=\"color: #000000;\">Capacidad de 180 TM \/ d\u00eda.<\/span><\/li>\n<li><span style=\"color: #000000;\">C\u00e1mara Frigor\u00edfica con capacidad 5.300 TM.<\/span><\/li>\n<\/ul>\n<p>[\/vc_column_text][\/vc_column_inner][\/vc_row_inner][vc_row_inner row_type=\u00bbrow\u00bb type=\u00bbgrid\u00bb text_align=\u00bbleft\u00bb css_animation=\u00bb\u00bb padding_top=\u00bb0&#8243; padding_bottom=\u00bb0&#8243; css=\u00bb.vc_custom_1448093083472{margin-right: 0px !important;margin-left: 0px !important;padding-right: 0px !important;padding-left: 0px !important;}\u00bb][vc_column_inner width=\u00bb1\/3&#8243;][\/vc_column_inner][vc_column_inner width=\u00bb2\/3&#8243;][vc_column_text]<\/p>\n<h2><span style=\"color: #000000;\"><strong>Misi\u00f3n:<\/strong><\/span><\/h2>\n<p>[\/vc_column_text][vc_separator type=\u00bbnormal\u00bb color=\u00bb#0a0a0a\u00bb][vc_column_text]<span style=\"color: #000000;\">Galapesca S.A, subsidiaria del grupo Starkist Co., es una empresa socialmente responsable que provee a sus clientes alimentos saludables, innovadores y confiables, cumpliendo con los m\u00e1s altos est\u00e1ndares de sostenibilidad, legalidad, calidad e inocuidad.<\/span>[\/vc_column_text][vc_empty_space height=\u00bb50px\u00bb][vc_column_text]<\/p>\n<h2><span style=\"color: #000000;\"><strong>Visi\u00f3n:<\/strong><\/span><\/h2>\n<p>[\/vc_column_text][vc_separator type=\u00bbnormal\u00bb color=\u00bb#7c7c7c\u00bb][vc_column_text]<span style=\"color: #000000;\">Elevar nuestro negocio llegando a m\u00e1s gente, con lo mejor del mar.<\/span>[\/vc_column_text][vc_empty_space height=\u00bb50px\u00bb][vc_column_text]<\/p>\n<h2><span style=\"color: #000000;\"><strong>Valores corporativos:<\/strong><\/span><\/h2>\n<p>[\/vc_column_text][vc_separator type=\u00bbnormal\u00bb color=\u00bb#7c7c7c\u00bb][vc_column_text]<span style=\"color: #000000;\">\u2022 Respeto<\/span><br \/>\n<span style=\"color: #000000;\">\u2022 Compromiso<\/span><br \/>\n<span style=\"color: #000000;\">\u2022 Comunicaci\u00f3n<\/span><br \/>\n<span style=\"color: #000000;\">\u2022 Responsabilidad<\/span><br \/>\n<span style=\"color: #000000;\">\u2022 Mejora continua<\/span>[\/vc_column_text][vc_empty_space height=\u00bb50px\u00bb][vc_column_text]<\/p>\n<h2><span style=\"color: #000000;\"><strong>Sostenibilidad:<\/strong><\/span><\/h2>\n<p>[\/vc_column_text][vc_separator type=\u00bbnormal\u00bb color=\u00bb#7c7c7c\u00bb][vc_column_text]<span style=\"color: #000000;\">\u2022 Co-fundador de la \u201cInternational Seafood Sustainability Foundation\u201d y comprometido con un enfoque basado en la ciencia para identificar las pr\u00e1cticas sostenibles en todas las pesqueras de at\u00fan.<\/span><br \/>\n<span style=\"color: #000000;\">\u2022 Certificaci\u00f3n de Protecci\u00f3n al Delf\u00edn.<\/span><br \/>\n<span style=\"color: #000000;\">\u2022 Pol\u00edtica de Aseguramiento de Calidad para cumplir o exceder con las expectativas de nuestro cliente.<\/span><br \/>\n<span style=\"color: #000000;\">\u2022 Cumplimiento de las regulaciones en todos nuestros productos.<\/span>[\/vc_column_text][\/vc_column_inner][\/vc_row_inner][\/vc_column][\/vc_row][vc_row css_animation=\u00bb\u00bb row_type=\u00bbrow\u00bb use_row_as_full_screen_section=\u00bbno\u00bb type=\u00bbgrid\u00bb angled_section=\u00bbno\u00bb text_align=\u00bbleft\u00bb background_image_as_pattern=\u00bbwithout_pattern\u00bb background_image=\u00bb15539&#8243; padding_top=\u00bb0&#8243; padding_bottom=\u00bb0&#8243; css=\u00bb.vc_custom_1660330812088{margin-top: 0px !important;margin-right: 0px !important;margin-left: 0px !important;padding-top: 0px !important;padding-right: 0px !important;padding-left: 0px !important;}\u00bb el_class=\u00bb.sinBg\u00bb z_index=\u00bb\u00bb anchor=\u00bbstarkist\u00bb][vc_column][vc_empty_space height=\u00bb75px\u00bb][vc_single_image source=\u00bbexternal_link\u00bb alignment=\u00bbcenter\u00bb qode_css_animation=\u00bb\u00bb custom_src=\u00bbhttps:\/\/galapesca.com\/resources\/headerSK.png\u00bb][\/vc_column][\/vc_row][vc_row css_animation=\u00bb\u00bb row_type=\u00bbrow\u00bb use_row_as_full_screen_section=\u00bbno\u00bb type=\u00bbgrid\u00bb angled_section=\u00bbno\u00bb text_align=\u00bbleft\u00bb background_image_as_pattern=\u00bbwithout_pattern\u00bb background_image=\u00bb15539&#8243; padding_top=\u00bb0&#8243; padding_bottom=\u00bb0&#8243; css=\u00bb.vc_custom_1660330796950{margin-top: 0px !important;margin-right: 0px !important;margin-left: 0px !important;padding-top: 0px !important;padding-right: 0px !important;padding-left: 0px !important;}\u00bb el_class=\u00bb.sinBg\u00bb z_index=\u00bb\u00bb][vc_column][vc_row_inner row_type=\u00bbrow\u00bb type=\u00bbgrid\u00bb text_align=\u00bbleft\u00bb css_animation=\u00bb\u00bb padding_top=\u00bb0&#8243; padding_bottom=\u00bb0&#8243; css=\u00bb.vc_custom_1448093083472{margin-right: 0px !important;margin-left: 0px !important;padding-right: 0px !important;padding-left: 0px !important;}\u00bb][vc_column_inner width=\u00bb1\/3&#8243;][vc_single_image source=\u00bbexternal_link\u00bb external_img_size=\u00bb280&#215;160&#8243; alignment=\u00bbcenter\u00bb qode_css_animation=\u00bb\u00bb custom_src=\u00bbhttps:\/\/galapesca.com\/resources\/circleStarkist.png\u00bb][\/vc_column_inner][vc_column_inner width=\u00bb1\/3&#8243;][vc_column_text]<span style=\"color: #000000;\">StarKist mantiene operaciones en Ecuador a trav\u00e9s de su subsidiaria Galapesca S.A<\/span>[\/vc_column_text][\/vc_column_inner][vc_column_inner width=\u00bb1\/3&#8243;][vc_column_text]<\/p>\n<ul class=\"list-style1\">\n<li><span style=\"color: #000000;\">Marca #1 de conservas de at\u00fan en los Estados Unidos.<\/span><\/li>\n<li><span style=\"color: #000000;\">Larga tradici\u00f3n de calidad, innovaci\u00f3n y confianza del consumidor.<\/span><\/li>\n<li><span style=\"color: #000000;\">Fue el primero en introducir en los Estados Unidos StarKist Flavor Fresh Pouch\u00ae y StarKist Tuna Creations\u00ae.<\/span><\/li>\n<li><span style=\"color: #000000;\">Fue el primero en introducir en los Estados Unidos la pol\u00edtica de protecci\u00f3n al delf\u00edn.<\/span><\/li>\n<li><span style=\"color: #000000;\">Nuestras Plantas est\u00e1n en Ecuador y Samoa Americana.<\/span><\/li>\n<\/ul>\n<p>[\/vc_column_text][\/vc_column_inner][\/vc_row_inner][\/vc_column][\/vc_row][vc_row css_animation=\u00bb\u00bb row_type=\u00bbrow\u00bb use_row_as_full_screen_section=\u00bbno\u00bb type=\u00bbfull_width\u00bb angled_section=\u00bbno\u00bb text_align=\u00bbleft\u00bb background_image_as_pattern=\u00bbwithout_pattern\u00bb][vc_column][vc_empty_space height=\u00bb200px\u00bb][\/vc_column][\/vc_row][vc_row css_animation=\u00bb\u00bb row_type=\u00bbrow\u00bb use_row_as_full_screen_section=\u00bbno\u00bb type=\u00bbgrid\u00bb angled_section=\u00bbno\u00bb text_align=\u00bbleft\u00bb background_image_as_pattern=\u00bbwithout_pattern\u00bb background_image=\u00bb15539&#8243; padding_top=\u00bb0&#8243; padding_bottom=\u00bb0&#8243; css=\u00bb.vc_custom_1660330780699{margin-top: 0px !important;margin-right: 0px !important;margin-left: 0px !important;padding-top: 0px !important;padding-right: 0px !important;padding-left: 0px !important;}\u00bb el_class=\u00bb.sinBg\u00bb z_index=\u00bb\u00bb anchor=\u00bbdongwon\u00bb][vc_column][vc_empty_space height=\u00bb75px\u00bb][vc_single_image source=\u00bbexternal_link\u00bb alignment=\u00bbcenter\u00bb qode_css_animation=\u00bb\u00bb custom_src=\u00bbhttps:\/\/galapesca.com\/resources\/headerDW.png\u00bb][\/vc_column][\/vc_row][vc_row css_animation=\u00bb\u00bb row_type=\u00bbrow\u00bb use_row_as_full_screen_section=\u00bbno\u00bb type=\u00bbgrid\u00bb angled_section=\u00bbno\u00bb text_align=\u00bbleft\u00bb background_image_as_pattern=\u00bbwithout_pattern\u00bb background_image=\u00bb15539&#8243; padding_top=\u00bb0&#8243; padding_bottom=\u00bb0&#8243; css=\u00bb.vc_custom_1660329377142{margin-top: 0px !important;margin-right: 0px !important;margin-left: 0px !important;padding-top: 0px !important;padding-right: 0px !important;padding-left: 0px !important;}\u00bb el_class=\u00bb.sinBg\u00bb z_index=\u00bb\u00bb anchor=\u00bbdongwon\u00bb][vc_column][vc_row_inner row_type=\u00bbrow\u00bb type=\u00bbgrid\u00bb text_align=\u00bbleft\u00bb css_animation=\u00bb\u00bb padding_top=\u00bb0&#8243; padding_bottom=\u00bb0&#8243; css=\u00bb.vc_custom_1448093083472{margin-right: 0px !important;margin-left: 0px !important;padding-right: 0px !important;padding-left: 0px !important;}\u00bb][vc_column_inner width=\u00bb1\/3&#8243;][vc_single_image source=\u00bbexternal_link\u00bb external_img_size=\u00bb280&#215;160&#8243; alignment=\u00bbcenter\u00bb qode_css_animation=\u00bb\u00bb custom_src=\u00bbhttps:\/\/galapesca.com\/resources\/circle_donwon.png\u00bb][\/vc_column_inner][vc_column_inner width=\u00bb1\/3&#8243;][vc_column_text]<span style=\"color: #000000;\">Starkist Co. es una subsidiaria de Dongwon Industries.<\/span>[\/vc_column_text][\/vc_column_inner][vc_column_inner width=\u00bb1\/3&#8243;][vc_column_text]<\/p>\n<ul class=\"list-style1\">\n<li><span style=\"color: #000000;\">Dongwon Group es uno de los grupos empresariales m\u00e1s grandes en Corea con filiales en varias \u00e1reas de negocios incluyendo distribuci\u00f3n de pesca, productos de alimentaci\u00f3n, materiales de embalaje y materiales industriales, log\u00edstica, comunicaci\u00f3n y construcci\u00f3n.<\/span><\/li>\n<li><span style=\"color: #000000;\">Dongwon Industries es una de las compa\u00f1\u00edas de at\u00fan m\u00e1s grandes del mundo con operaciones en los oc\u00e9anos Pac\u00edfico,\u00cdndico y Atl\u00e1ntico.<\/span><\/li>\n<\/ul>\n<p>[\/vc_column_text][\/vc_column_inner][\/vc_row_inner][\/vc_column][\/vc_row][vc_row css_animation=\u00bb\u00bb row_type=\u00bbrow\u00bb use_row_as_full_screen_section=\u00bbno\u00bb type=\u00bbfull_width\u00bb angled_section=\u00bbno\u00bb text_align=\u00bbleft\u00bb background_image_as_pattern=\u00bbwithout_pattern\u00bb][vc_column][vc_empty_space height=\u00bb132px\u00bb][vc_empty_space height=\u00bb200px\u00bb][\/vc_column][\/vc_row]<\/p>\n<\/div>","protected":false},"excerpt":{"rendered":"<p>[vc_row css_animation=\u00bb\u00bb row_type=\u00bbrow\u00bb use_row_as_full_screen_section=\u00bbno\u00bb type=\u00bbfull_width\u00bb angled_section=\u00bbno\u00bb text_align=\u00bbleft\u00bb background_image_as_pattern=\u00bbwithout_pattern\u00bb][vc_column offset=\u00bbvc_hidden-sm vc_hidden-xs\u00bb][vc_empty_space height=\u00bb50px\u00bb][\/vc_column][\/vc_row][vc_row css_animation=\u00bb\u00bb row_type=\u00bbrow\u00bb use_row_as_full_screen_section=\u00bbno\u00bb type=\u00bbgrid\u00bb angled_section=\u00bbno\u00bb text_align=\u00bbleft\u00bb background_image_as_pattern=\u00bbwithout_pattern\u00bb background_image=\u00bb15539&#8243; padding_top=\u00bb0&#8243; padding_bottom=\u00bb0&#8243; css=\u00bb.vc_custom_1660330834026{margin-top: 0px !important;margin-right: 0px !important;margin-left: 0px !important;padding-top: 0px !important;padding-right: 0px !important;padding-left: 0px !important;}\u00bb el_class=\u00bb.sinBg\u00bb z_index=\u00bb\u00bb anchor=\u00bbgalapesca\u00bb][vc_column][vc_empty_space height=\u00bb125px\u00bb][vc_single_image source=\u00bbexternal_link\u00bb alignment=\u00bbcenter\u00bb qode_css_animation=\u00bb\u00bb custom_src=\u00bbhttps:\/\/galapesca.com\/resources\/headerGP.png\u00bb][\/vc_column][\/vc_row][vc_row css_animation=\u00bb\u00bb row_type=\u00bbrow\u00bb use_row_as_full_screen_section=\u00bbno\u00bb&#8230;<\/p>\n","protected":false},"author":1,"featured_media":0,"parent":0,"menu_order":0,"comment_status":"closed","ping_status":"closed","template":"","meta":{"inline_featured_image":false,"footnotes":""},"class_list":["post-2320","page","type-page","status-publish","hentry"],"_links":{"self":[{"href":"https:\/\/galapesca.com\/es\/wp-json\/wp\/v2\/pages\/2320","targetHints":{"allow":["GET"]}}],"collection":[{"href":"https:\/\/galapesca.com\/es\/wp-json\/wp\/v2\/pages"}],"about":[{"href":"https:\/\/galapesca.com\/es\/wp-json\/wp\/v2\/types\/page"}],"author":[{"embeddable":true,"href":"https:\/\/galapesca.com\/es\/wp-json\/wp\/v2\/users\/1"}],"replies":[{"embeddable":true,"href":"https:\/\/galapesca.com\/es\/wp-json\/wp\/v2\/comments?post=2320"}],"version-history":[{"count":0,"href":"https:\/\/galapesca.com\/es\/wp-json\/wp\/v2\/pages\/2320\/revisions"}],"wp:attachment":[{"href":"https:\/\/galapesca.com\/es\/wp-json\/wp\/v2\/media?parent=2320"}],"curies":[{"name":"wp","href":"https:\/\/api.w.org\/{rel}","templated":true}]}}