{"id":2295,"date":"2015-12-02T03:57:11","date_gmt":"2015-12-02T03:57:11","guid":{"rendered":"http:\/\/victorcoronel.com\/galapesca2015\/es\/contact-galapesca\/"},"modified":"2023-06-02T20:11:04","modified_gmt":"2023-06-02T20:11:04","slug":"contact-galapesca","status":"publish","type":"page","link":"https:\/\/galapesca.com\/es\/contact-galapesca\/","title":{"rendered":"Contact Galapesca"},"content":{"rendered":"<div class=\"wpb-content-wrapper\"><p>[vc_row css_animation=\u00bb\u00bb row_type=\u00bbrow\u00bb use_row_as_full_screen_section=\u00bbno\u00bb type=\u00bbgrid\u00bb angled_section=\u00bbno\u00bb text_align=\u00bbleft\u00bb background_image_as_pattern=\u00bbwithout_pattern\u00bb background_image=\u00bb15539&#8243; padding_top=\u00bb0&#8243; padding_bottom=\u00bb100px\u00bb css=\u00bb.vc_custom_1449030482585{margin-top: 0px !important;margin-right: 0px !important;margin-left: 0px !important;padding-top: 0px !important;padding-right: 0px !important;padding-left: 0px !important;}\u00bb el_class=\u00bb.sinBg\u00bb][vc_column][vc_empty_space height=\u00bb100px\u00bb][vc_column_text]<\/p>\n<h1>Cont\u00e1ctenos<\/h1>\n<p>[\/vc_column_text][vc_separator type=\u00bbnormal\u00bb color=\u00bb#cccccc\u00bb thickness=\u00bb1&#8243; up=\u00bb12&#8243; down=\u00bb5&#8243;][vc_column_text]Galapesca S.A. cuenta con un Sistema de Seguridad de la Informaci\u00f3n que garantiza la integridad, confidencialidad y disponibilidad de la informaci\u00f3n y cumple con la Ley Org\u00e1nica de Protecci\u00f3n de Datos. Cualquier requerimiento de informaci\u00f3n por favor dirigirla al correo <strong><span style=\"color: #000000;\"><a style=\"color: #000000;\" href=\"mailto:protecciondedatos@starkist.com\">protecciondedatos@starkist.com<\/a><\/span><\/strong>[\/vc_column_text][vc_empty_space height=\u00bb25px\u00bb][\/vc_column][\/vc_row][vc_row css_animation=\u00bb\u00bb row_type=\u00bbrow\u00bb use_row_as_full_screen_section=\u00bbno\u00bb type=\u00bbfull_width\u00bb angled_section=\u00bbno\u00bb text_align=\u00bbleft\u00bb background_image_as_pattern=\u00bbwithout_pattern\u00bb][vc_column][vc_row_inner row_type=\u00bbrow\u00bb type=\u00bbfull_width\u00bb text_align=\u00bbleft\u00bb css_animation=\u00bb\u00bb][vc_column_inner width=\u00bb2\/3&#8243;][vc_column_text]<\/p>\n<h4><strong>Use esta forma para enviarnos un mensaje:<br \/>\n<\/strong><\/h4>\n<p>[\/vc_column_text][vc_column_text]<div class=\"forminator-ui forminator-custom-form forminator-custom-form-14759 forminator-design--default  forminator_ajax\" data-forminator-render=\"0\" data-form=\"forminator-module-14759\" data-uid=\"69e34130855c7\"><br\/><\/div><form\r\n\t\t\t\tid=\"forminator-module-14759\"\r\n\t\t\t\tclass=\"forminator-ui forminator-custom-form forminator-custom-form-14759 forminator-design--default  forminator_ajax\"\r\n\t\t\t\tmethod=\"post\"\r\n\t\t\t\tdata-forminator-render=\"0\"\r\n\t\t\t\tdata-form-id=\"14759\"\r\n\t\t\t\t data-color-option=\"default\" data-design=\"default\" data-grid=\"open\" style=\"display: none;\"\r\n\t\t\t\tdata-uid=\"69e34130855c7\"\r\n\t\t\t><div role=\"alert\" aria-live=\"polite\" class=\"forminator-response-message forminator-error\" aria-hidden=\"true\"><\/div><div class=\"forminator-row\"><div id=\"name-1\" class=\"forminator-field-name forminator-col forminator-col-12 \"><div class=\"forminator-field\"><label for=\"forminator-field-name-1_69e34130855c7\" id=\"forminator-field-name-1_69e34130855c7-label\" class=\"forminator-label\">Su nombre <span class=\"forminator-required\">*<\/span><\/label><input type=\"text\" name=\"name-1\" value=\"\" placeholder=\"\" id=\"forminator-field-name-1_69e34130855c7\" class=\"forminator-input forminator-name--field\" aria-required=\"true\" autocomplete=\"name\" \/><\/div><\/div><\/div><div class=\"forminator-row\"><div id=\"email-1\" class=\"forminator-field-email forminator-col forminator-col-12 \"><div class=\"forminator-field\"><label for=\"forminator-field-email-1_69e34130855c7\" id=\"forminator-field-email-1_69e34130855c7-label\" class=\"forminator-label\">Su email <span class=\"forminator-required\">*<\/span><\/label><input type=\"email\" name=\"email-1\" value=\"\" placeholder=\"\" id=\"forminator-field-email-1_69e34130855c7\" class=\"forminator-input forminator-email--field\" data-required=\"true\" aria-required=\"true\" autocomplete=\"email\" \/><\/div><\/div><\/div><div class=\"forminator-row\"><div id=\"phone-1\" class=\"forminator-field-phone forminator-col forminator-col-12 \"><div class=\"forminator-field\"><label for=\"forminator-field-phone-1_69e34130855c7\" id=\"forminator-field-phone-1_69e34130855c7-label\" class=\"forminator-label\">Su tel\u00e9fono (opcional)<\/label><input type=\"text\" name=\"phone-1\" value=\"\" placeholder=\"\" id=\"forminator-field-phone-1_69e34130855c7\" class=\"forminator-input forminator-field--phone\" data-required=\"\" aria-required=\"false\" autocomplete=\"off\" \/><\/div><\/div><\/div><div class=\"forminator-row\"><div id=\"select-1\" class=\"forminator-field-select forminator-col forminator-col-12 \"><div class=\"forminator-field\"><label for=\"forminator-form-14759__field--select-1_69e34130855c7\" id=\"forminator-form-14759__field--select-1_69e34130855c7-label\" class=\"forminator-label\">Seleccionar departamento (requerido) <span class=\"forminator-required\">*<\/span><\/label><select  id=\"forminator-form-14759__field--select-1_69e34130855c7\" class=\"forminator-select--field forminator-select2 forminator-select2-multiple\" data-required=\"1\" name=\"select-1\" data-default-value=\"\" data-placeholder=\"Seleccione un departamento de la lista\" data-search=\"false\" data-search-placeholder=\"Seleccione un departamento de la lista\" data-checkbox=\"false\" data-allow-clear=\"false\" aria-labelledby=\"forminator-form-14759__field--select-1_69e34130855c7-label\"><option value=\"\"  >Seleccione un departamento de la lista<\/option><option value=\"Contacto-Comercial---Ventas-Internacionales\"  data-calculation=\"0\">Contacto Comercial - Ventas Internacionales<\/option><option value=\"Proveedores\"  data-calculation=\"0\">Proveedores<\/option><option value=\"Seguridad-de-la-informaci\u00f3n\"  data-calculation=\"0\">Seguridad de la informaci\u00f3n<\/option><\/select><\/div><\/div><\/div><div class=\"forminator-row\"><div id=\"text-1\" class=\"forminator-field-text forminator-col forminator-col-12 \"><div class=\"forminator-field\"><label for=\"forminator-field-text-1_69e34130855c7\" id=\"forminator-field-text-1_69e34130855c7-label\" class=\"forminator-label\">Asunto<\/label><input type=\"text\" name=\"text-1\" value=\"\" placeholder=\"\" id=\"forminator-field-text-1_69e34130855c7\" class=\"forminator-input forminator-name--field\" data-required=\"\" \/><\/div><\/div><\/div><div class=\"forminator-row\"><div id=\"textarea-1\" class=\"forminator-field-textarea forminator-col forminator-col-12 \"><div class=\"forminator-field\"><label for=\"forminator-field-textarea-1_69e34130855c7\" id=\"forminator-field-textarea-1_69e34130855c7-label\" class=\"forminator-label\">Su mensaje<\/label><textarea name=\"textarea-1\" placeholder=\"Escriba su mensaje aqui...\" id=\"forminator-field-textarea-1_69e34130855c7\" class=\"forminator-textarea\" rows=\"6\" style=\"min-height:140px;\" maxlength=\"180\" ><\/textarea><span id=\"forminator-field-textarea-1_69e34130855c7-description\" class=\"forminator-description\"><span data-limit=\"180\" data-type=\"characters\" data-editor=\"\">0 \/ 180<\/span><\/span><\/div><\/div><\/div><div class=\"forminator-row\"><div id=\"captcha-1\" class=\"forminator-field-captcha forminator-col forminator-col-12 \"><div class=\"forminator-captcha-left forminator-g-recaptcha recaptcha-invisible\" data-theme=\"light\" data-badge=\"inline\" data-sitekey=\"6Lenq1QeAAAAALGvuUQQ8veE8L6-Th_8biZ96ao0\" data-size=\"invisible\"><\/div> <\/div><\/div><input type=\"hidden\" name=\"referer_url\" value=\"\" \/><div class=\"forminator-row forminator-row-last\"><div class=\"forminator-col\"><div class=\"forminator-field\"><button class=\"forminator-button forminator-button-submit\">Send Message<\/button><\/div><\/div><\/div><input type=\"hidden\" id=\"forminator_nonce\" name=\"forminator_nonce\" value=\"e77ce2cec1\" \/><input type=\"hidden\" name=\"_wp_http_referer\" value=\"\/es\/wp-json\/wp\/v2\/pages\/2295\" \/><input type=\"hidden\" name=\"form_id\" value=\"14759\"><input type=\"hidden\" name=\"page_id\" value=\"2295\"><input type=\"hidden\" name=\"form_type\" value=\"default\"><input type=\"hidden\" name=\"current_url\" value=\"https:\/\/galapesca.com\/es\/contact-galapesca\/\"><input type=\"hidden\" name=\"render_id\" value=\"0\"><input type=\"hidden\" name=\"action\" value=\"forminator_submit_form_custom-forms\"><\/form>[\/vc_column_text][\/vc_column_inner][vc_column_inner width=\u00bb1\/3&#8243;][vc_column_text]<span style=\"color: #000000;\"><strong>Direcci\u00f3n:<\/strong>\u00a0Galapesca, S.A.\u00a0KM. 12.5 v\u00eda a Daule. Guayaquil, Ecuador.<\/span><br \/>\n<span style=\"color: #000000;\"><strong>Tel\u00e9fono.:\u00a0<\/strong>(593) 4 381 1830 &#8211; ext. 73497<\/span><br \/>\n<span style=\"color: #000000;\"><strong>C\u00f3digo postal: <\/strong>\u00a0090705<\/span>[\/vc_column_text][vc_separator type=\u00bbnormal\u00bb color=\u00bb#cccccc\u00bb thickness=\u00bb1&#8243; up=\u00bb12&#8243; down=\u00bb50&#8243;][vc_single_image image=\u00bb19621&#8243; img_size=\u00bbfull\u00bb qode_css_animation=\u00bb\u00bb][\/vc_column_inner][\/vc_row_inner][vc_empty_space height=\u00bb300px\u00bb][\/vc_column][\/vc_row]<\/p>\n<\/div>","protected":false},"excerpt":{"rendered":"<p>[vc_row css_animation=\u00bb\u00bb row_type=\u00bbrow\u00bb use_row_as_full_screen_section=\u00bbno\u00bb type=\u00bbgrid\u00bb angled_section=\u00bbno\u00bb text_align=\u00bbleft\u00bb background_image_as_pattern=\u00bbwithout_pattern\u00bb background_image=\u00bb15539&#8243; padding_top=\u00bb0&#8243; padding_bottom=\u00bb100px\u00bb css=\u00bb.vc_custom_1449030482585{margin-top: 0px !important;margin-right: 0px !important;margin-left: 0px !important;padding-top: 0px !important;padding-right: 0px !important;padding-left: 0px !important;}\u00bb el_class=\u00bb.sinBg\u00bb][vc_column][vc_empty_space height=\u00bb100px\u00bb][vc_column_text] Cont\u00e1ctenos [\/vc_column_text][vc_separator type=\u00bbnormal\u00bb color=\u00bb#cccccc\u00bb thickness=\u00bb1&#8243; up=\u00bb12&#8243; down=\u00bb5&#8243;][vc_column_text]Galapesca S.A. cuenta con un Sistema de Seguridad de la Informaci\u00f3n que garantiza&#8230;<\/p>\n","protected":false},"author":1,"featured_media":0,"parent":0,"menu_order":0,"comment_status":"closed","ping_status":"open","template":"","meta":{"inline_featured_image":false,"footnotes":""},"class_list":["post-2295","page","type-page","status-publish","hentry"],"_links":{"self":[{"href":"https:\/\/galapesca.com\/es\/wp-json\/wp\/v2\/pages\/2295","targetHints":{"allow":["GET"]}}],"collection":[{"href":"https:\/\/galapesca.com\/es\/wp-json\/wp\/v2\/pages"}],"about":[{"href":"https:\/\/galapesca.com\/es\/wp-json\/wp\/v2\/types\/page"}],"author":[{"embeddable":true,"href":"https:\/\/galapesca.com\/es\/wp-json\/wp\/v2\/users\/1"}],"replies":[{"embeddable":true,"href":"https:\/\/galapesca.com\/es\/wp-json\/wp\/v2\/comments?post=2295"}],"version-history":[{"count":0,"href":"https:\/\/galapesca.com\/es\/wp-json\/wp\/v2\/pages\/2295\/revisions"}],"wp:attachment":[{"href":"https:\/\/galapesca.com\/es\/wp-json\/wp\/v2\/media?parent=2295"}],"curies":[{"name":"wp","href":"https:\/\/api.w.org\/{rel}","templated":true}]}}